{"id":120,"date":"2026-01-18T08:33:27","date_gmt":"2026-01-18T08:33:27","guid":{"rendered":"https:\/\/pontualvagas.com.br\/?page_id=120"},"modified":"2026-01-18T08:33:28","modified_gmt":"2026-01-18T08:33:28","slug":"zasady-ochrany-osobnich-udaju","status":"publish","type":"page","link":"https:\/\/pontualvagas.com.br\/cs\/zasady-ochrany-osobnich-udaju\/","title":{"rendered":"Z\u00e1sady ochrany osobn\u00edch \u00fadaj\u016f"},"content":{"rendered":"<p>Va\u0161e soukrom\u00ed je pro n\u00e1s d\u016fle\u017eit\u00e9. Je to na\u0161e z\u00e1sada. <strong>V\u010dasn\u00e1 voln\u00e1 m\u00edsta<\/strong> Budeme respektovat va\u0161e soukrom\u00ed, pokud jde o ve\u0161ker\u00e9 informace, kter\u00e9 od v\u00e1s m\u016f\u017eeme na webov\u00fdch str\u00e1nk\u00e1ch shroma\u017e\u010fovat. <strong>V\u010dasn\u00e1 voln\u00e1 m\u00edsta<\/strong>, stejn\u011b jako na dal\u0161\u00edch webov\u00fdch str\u00e1nk\u00e1ch, kter\u00e9 vlastn\u00edme a provozujeme.<\/p>\n\n\n\n<p>Osobn\u00ed \u00fadaje po\u017eadujeme pouze tehdy, kdy\u017e je skute\u010dn\u011b pot\u0159ebujeme k poskytnut\u00ed slu\u017eby u\u017eivateli. \u010cin\u00edme tak spravedliv\u011b a z\u00e1konn\u011b, s va\u0161\u00edm v\u011bdom\u00edm a souhlasem. Tak\u00e9 v\u00e1s informujeme, pro\u010d tyto informace shroma\u017e\u010fujeme a jak budou pou\u017eity.<\/p>\n\n\n\n<p>Shrom\u00e1\u017ed\u011bn\u00e9 informace uchov\u00e1v\u00e1me pouze po dobu nezbytn\u011b nutnou k poskytov\u00e1n\u00ed po\u017eadovan\u00e9 slu\u017eby. P\u0159i ukl\u00e1d\u00e1n\u00ed dat pou\u017e\u00edv\u00e1me komer\u010dn\u011b p\u0159ijateln\u00e9 prost\u0159edky k jejich ochran\u011b p\u0159ed ztr\u00e1tou, kr\u00e1de\u017e\u00ed, neopr\u00e1vn\u011bn\u00fdm p\u0159\u00edstupem, zve\u0159ejn\u011bn\u00edm, kop\u00edrov\u00e1n\u00edm, zneu\u017eit\u00edm nebo \u00fapravou.<\/p>\n\n\n\n<p>Osobn\u00ed \u00fadaje nesd\u00edl\u00edme ve\u0159ejn\u011b ani s t\u0159et\u00edmi stranami, s v\u00fdjimkou p\u0159\u00edpad\u016f, kdy to vy\u017eaduje z\u00e1kon.<\/p>\n\n\n\n<p>THE <strong>V\u010dasn\u00e1 voln\u00e1 m\u00edsta<\/strong> M\u016f\u017ee to obsahovat odkazy na extern\u00ed webov\u00e9 str\u00e1nky, aplikace nebo slu\u017eby, kter\u00e9 neprovozujeme. Upozor\u0148ujeme, \u017ee nem\u00e1me \u017e\u00e1dnou kontrolu nad obsahem a postupy t\u011bchto str\u00e1nek a neneseme odpov\u011bdnost za jejich p\u0159\u00edslu\u0161n\u00e9 z\u00e1sady ochrany osobn\u00edch \u00fadaj\u016f.<\/p>\n\n\n\n<p>U\u017eivatel m\u00e1 pr\u00e1vo odm\u00edtnout \u017e\u00e1dost o osobn\u00ed \u00fadaje s v\u011bdom\u00edm, \u017ee n\u011bkter\u00e9 z po\u017eadovan\u00fdch slu\u017eeb nemus\u00ed b\u00fdt mo\u017en\u00e9 poskytnout.<\/p>\n\n\n\n<p>Pokra\u010dov\u00e1n\u00ed v pou\u017e\u00edv\u00e1n\u00ed webu <strong>V\u010dasn\u00e1 voln\u00e1 m\u00edsta<\/strong> Va\u0161e zp\u011btn\u00e1 vazba bude pova\u017eov\u00e1na za souhlas s na\u0161imi postupy t\u00fdkaj\u00edc\u00edmi se ochrany osobn\u00edch \u00fadaj\u016f a pou\u017e\u00edv\u00e1n\u00ed osobn\u00edch \u00fadaj\u016f. M\u00e1te-li jak\u00e9koli dotazy ohledn\u011b toho, jak nakl\u00e1d\u00e1me s u\u017eivatelsk\u00fdmi \u00fadaji, kontaktujte n\u00e1s pros\u00edm prost\u0159ednictv\u00edm kontaktn\u00ed str\u00e1nky.<\/p>\n\n\n\n<h2 class=\"wp-block-heading\">Z\u00e1sady pou\u017e\u00edv\u00e1n\u00ed soubor\u016f cookie v Pontual Vagas<\/h2>\n\n\n\n<h3 class=\"wp-block-heading\">Co jsou soubory cookie?<\/h3>\n\n\n\n<p>Jak je b\u011b\u017enou prax\u00ed na t\u00e9m\u011b\u0159 v\u0161ech profesion\u00e1ln\u00edch webov\u00fdch str\u00e1nk\u00e1ch, i tyto str\u00e1nky pou\u017e\u00edvaj\u00ed soubory cookie, co\u017e jsou mal\u00e9 soubory ukl\u00e1dan\u00e9 ve va\u0161em za\u0159\u00edzen\u00ed, za \u00fa\u010delem zlep\u0161en\u00ed va\u0161eho z\u00e1\u017eitku z prohl\u00ed\u017een\u00ed.<\/p>\n\n\n\n<p>Tato \u010d\u00e1st vysv\u011btluje, jak\u00e9 informace soubory cookie shroma\u017e\u010fuj\u00ed, jak je pou\u017e\u00edv\u00e1me a pro\u010d je v n\u011bkter\u00fdch p\u0159\u00edpadech pot\u0159ebujeme ukl\u00e1dat.<\/p>\n\n\n\n<h3 class=\"wp-block-heading\">Jak pou\u017e\u00edv\u00e1me soubory cookie?<\/h3>\n\n\n\n<p>Soubory cookie pou\u017e\u00edv\u00e1me z r\u016fzn\u00fdch d\u016fvod\u016f, v\u010detn\u011b:<\/p>\n\n\n\n<ul class=\"wp-block-list\">\n<li>Aby bylo zaji\u0161t\u011bno spr\u00e1vn\u00e9 fungov\u00e1n\u00ed webov\u00fdch str\u00e1nek;<\/li>\n\n\n\n<li>Zlep\u0161it u\u017eivatelskou zku\u0161enost;<\/li>\n\n\n\n<li>Analyzovat chov\u00e1n\u00ed p\u0159i prohl\u00ed\u017een\u00ed;<\/li>\n\n\n\n<li>Zobrazujte relevantn\u011bj\u0161\u00ed obsah a reklamy.<\/li>\n<\/ul>\n\n\n\n<p>Ve v\u011bt\u0161in\u011b p\u0159\u00edpad\u016f neexistuj\u00ed \u017e\u00e1dn\u00e9 standardn\u00ed mo\u017enosti pro zak\u00e1z\u00e1n\u00ed soubor\u016f cookie bez ohro\u017een\u00ed z\u00e1kladn\u00edch funkc\u00ed webov\u00fdch str\u00e1nek. Pokud si nejste jisti, zda je pot\u0159ebujete, doporu\u010duje se ponechat soubory cookie povolen\u00e9.<\/p>\n\n\n\n<h3 class=\"wp-block-heading\">Zak\u00e1zat soubory cookie<\/h3>\n\n\n\n<p>Ukl\u00e1d\u00e1n\u00ed soubor\u016f cookie m\u016f\u017eete zabr\u00e1nit \u00fapravou nastaven\u00ed ve va\u0161em prohl\u00ed\u017ee\u010di. Upozor\u0148ujeme v\u0161ak, \u017ee zak\u00e1z\u00e1n\u00ed soubor\u016f cookie m\u016f\u017ee ovlivnit funk\u010dnost t\u00e9to i dal\u0161\u00edch webov\u00fdch str\u00e1nek, kter\u00e9 nav\u0161t\u011bvujete.<\/p>\n\n\n\n<h2 class=\"wp-block-heading\">Soubory cookie, kter\u00e9 nastavujeme<\/h2>\n\n\n\n<h3 class=\"wp-block-heading\">Soubory cookie souvisej\u00edc\u00ed s \u00fa\u010dtem<\/h3>\n\n\n\n<p>Pokud si u\u017eivatel vytvo\u0159\u00ed \u00fa\u010det (pokud je to relevantn\u00ed), pou\u017e\u00edv\u00e1me soubory cookie ke spr\u00e1v\u011b registra\u010dn\u00edho procesu a obecn\u00e9 administrace. Tyto soubory cookie se obvykle odstran\u00ed po odhl\u00e1\u0161en\u00ed z \u00fa\u010dtu.<\/p>\n\n\n\n<h3 class=\"wp-block-heading\">Soubory cookie souvisej\u00edc\u00ed s p\u0159ihl\u00e1\u0161en\u00edm<\/h3>\n\n\n\n<p>Slou\u017e\u00ed k p\u0159ipomenut\u00ed u\u017eivateli, \u017ee je p\u0159ihl\u00e1\u0161en, a t\u00edm se vyhne nutnosti opakovan\u00e9ho p\u0159ihla\u0161ov\u00e1n\u00ed na ka\u017ed\u00e9 str\u00e1nce. Po odhl\u00e1\u0161en\u00ed jsou odstran\u011bny.<\/p>\n\n\n\n<h3 class=\"wp-block-heading\">Soubory cookie souvisej\u00edc\u00ed s e-mailov\u00fdmi newslettery<\/h3>\n\n\n\n<p>Pokud webov\u00e1 str\u00e1nka nab\u00edz\u00ed registraci k odb\u011bru newsletteru nebo ozn\u00e1men\u00ed, mohou b\u00fdt pou\u017eity soubory cookie k zapamatov\u00e1n\u00ed, zda je u\u017eivatel ji\u017e p\u0159ihl\u00e1\u0161en k odb\u011bru.<\/p>\n\n\n\n<h3 class=\"wp-block-heading\">Soubory cookie souvisej\u00edc\u00ed s formul\u00e1\u0159i<\/h3>\n\n\n\n<p>Kdy\u017e u\u017eivatel ode\u0161le informace prost\u0159ednictv\u00edm formul\u00e1\u0159\u016f (nap\u0159\u00edklad kontaktn\u00edch formul\u00e1\u0159\u016f nebo koment\u00e1\u0159\u016f), mohou b\u00fdt k zapamatov\u00e1n\u00ed u\u017eivatelsk\u00fdch dat pro budouc\u00ed interakce pou\u017eity soubory cookie.<\/p>\n\n\n\n<h3 class=\"wp-block-heading\">Soubory cookie preferenc\u00ed webu<\/h3>\n\n\n\n<p>Pou\u017e\u00edv\u00e1 se k ukl\u00e1d\u00e1n\u00ed u\u017eivatelsk\u00fdch preferenc\u00ed a zaji\u0161t\u011bn\u00ed personalizovan\u00e9ho z\u00e1\u017eitku z prohl\u00ed\u017een\u00ed.<\/p>\n\n\n\n<h2 class=\"wp-block-heading\">Soubory cookie t\u0159et\u00edch stran<\/h2>\n\n\n\n<p>THE <strong>V\u010dasn\u00e1 voln\u00e1 m\u00edsta<\/strong> M\u016f\u017eete pou\u017e\u00edvat soubory cookie od d\u016fv\u011bryhodn\u00fdch t\u0159et\u00edch stran, v\u010detn\u011b, ale nikoli v\u00fdhradn\u011b:<\/p>\n\n\n\n<h3 class=\"wp-block-heading\">Google Analytics<\/h3>\n\n\n\n<p>Pou\u017e\u00edv\u00e1me Google Analytics, abychom pochopili, jak u\u017eivatel\u00e9 pou\u017e\u00edvaj\u00ed web, a abychom zlep\u0161ili jeho z\u00e1\u017eitek z prohl\u00ed\u017een\u00ed. Tyto soubory cookie mohou sledovat informace, jako jsou nav\u0161t\u00edven\u00e9 str\u00e1nky a \u010das str\u00e1ven\u00fd na webu.<\/p>\n\n\n\n<p>Pro v\u00edce informac\u00ed si pros\u00edm p\u0159e\u010dt\u011bte ofici\u00e1ln\u00ed z\u00e1sady slu\u017eby Google Analytics.<\/p>\n\n\n\n<h3 class=\"wp-block-heading\">Reklama a monetizace<\/h3>\n\n\n\n<p>M\u016f\u017eeme pou\u017e\u00edvat reklamn\u00ed slu\u017eby (nap\u0159\u00edklad Google AdSense), kter\u00e9 pou\u017e\u00edvaj\u00ed soubory cookie k zobrazov\u00e1n\u00ed reklam relevantn\u00edch pro u\u017eivatele na z\u00e1klad\u011b p\u0159edchoz\u00edch n\u00e1v\u0161t\u011bv t\u00e9to nebo jin\u00fdch webov\u00fdch str\u00e1nek.<\/p>\n\n\n\n<h2 class=\"wp-block-heading\">Z\u00e1vazek u\u017eivatele<\/h2>\n\n\n\n<p>U\u017eivatel souhlas\u00ed s t\u00edm, \u017ee bude obsah a informace poskytovan\u00e9 <strong>V\u010dasn\u00e1 voln\u00e1 m\u00edsta<\/strong>, zavazuj\u00edc\u00ed se k:<\/p>\n\n\n\n<p>A) Nezapojovat se do nez\u00e1konn\u00fdch \u010dinnost\u00ed nebo \u010dinnost\u00ed, kter\u00e9 jsou v rozporu s dobrou v\u00edrou a ve\u0159ejn\u00fdm po\u0159\u00e1dkem;<br>B) Ne\u0161\u00ed\u0159it obsah rasistick\u00e9, xenofobn\u00ed, diskrimina\u010dn\u00ed, nez\u00e1konn\u00e9 povahy, obsah propaguj\u00edc\u00ed terorismus \u010di poru\u0161uj\u00edc\u00ed lidsk\u00e1 pr\u00e1va;<br>C) Nezp\u016fsobovat po\u0161kozen\u00ed fyzick\u00fdch ani logick\u00fdch syst\u00e9m\u016f <strong>V\u010dasn\u00e1 voln\u00e1 m\u00edsta<\/strong>od sv\u00fdch dodavatel\u016f ani t\u0159et\u00edch stran, ani \u0161\u00ed\u0159it viry nebo jin\u00e9 syst\u00e9my, kter\u00e9 by mohly zp\u016fsobit \u0161kodu.<\/p>\n\n\n\n<h2 class=\"wp-block-heading\">V\u00edce informac\u00ed<\/h2>\n\n\n\n<p>Douf\u00e1me, \u017ee jsou tyto z\u00e1sady jasn\u00e9. Pokud m\u00e1te jak\u00e9koli dotazy ohledn\u011b pou\u017e\u00edv\u00e1n\u00ed soubor\u016f cookie nebo osobn\u00edch \u00fadaj\u016f, je obecn\u011b bezpe\u010dn\u011bj\u0161\u00ed ponechat soubory cookie povolen\u00e9, aby bylo zaji\u0161t\u011bno spr\u00e1vn\u00e9 fungov\u00e1n\u00ed funkc\u00ed webu.<\/p>\n\n\n\n<p>Pokud m\u00e1te jak\u00e9koli dotazy, kontaktujte n\u00e1s.<\/p>","protected":false},"excerpt":{"rendered":"<p>A sua privacidade \u00e9 importante para n\u00f3s. \u00c9 pol\u00edtica do Pontual Vagas respeitar a sua privacidade em rela\u00e7\u00e3o a qualquer informa\u00e7\u00e3o sua que possamos coletar no site Pontual Vagas, bem como em outros sites que possu\u00edmos e operamos. Solicitamos informa\u00e7\u00f5es pessoais apenas quando realmente precisamos delas para fornecer um servi\u00e7o ao usu\u00e1rio. Fazemos isso por [&hellip;]<\/p>","protected":false},"author":1,"featured_media":0,"parent":0,"menu_order":0,"comment_status":"closed","ping_status":"closed","template":"","meta":{"footnotes":""},"class_list":["post-120","page","type-page","status-publish"],"_links":{"self":[{"href":"https:\/\/pontualvagas.com.br\/cs\/wp-json\/wp\/v2\/pages\/120","targetHints":{"allow":["GET"]}}],"collection":[{"href":"https:\/\/pontualvagas.com.br\/cs\/wp-json\/wp\/v2\/pages"}],"about":[{"href":"https:\/\/pontualvagas.com.br\/cs\/wp-json\/wp\/v2\/types\/page"}],"author":[{"embeddable":true,"href":"https:\/\/pontualvagas.com.br\/cs\/wp-json\/wp\/v2\/users\/1"}],"replies":[{"embeddable":true,"href":"https:\/\/pontualvagas.com.br\/cs\/wp-json\/wp\/v2\/comments?post=120"}],"version-history":[{"count":1,"href":"https:\/\/pontualvagas.com.br\/cs\/wp-json\/wp\/v2\/pages\/120\/revisions"}],"predecessor-version":[{"id":121,"href":"https:\/\/pontualvagas.com.br\/cs\/wp-json\/wp\/v2\/pages\/120\/revisions\/121"}],"wp:attachment":[{"href":"https:\/\/pontualvagas.com.br\/cs\/wp-json\/wp\/v2\/media?parent=120"}],"curies":[{"name":"wp","href":"https:\/\/api.w.org\/{rel}","templated":true}]}}