{"id":118,"date":"2026-01-18T08:31:06","date_gmt":"2026-01-18T08:31:06","guid":{"rendered":"https:\/\/pontualvagas.com.br\/?page_id=118"},"modified":"2026-01-18T08:31:07","modified_gmt":"2026-01-18T08:31:07","slug":"vylouceni-odpovednosti","status":"publish","type":"page","link":"https:\/\/pontualvagas.com.br\/cs\/vylouceni-odpovednosti\/","title":{"rendered":"Z\u0159eknut\u00ed se odpov\u011bdnosti"},"content":{"rendered":"<p>Informace dostupn\u00e9 na webov\u00fdch str\u00e1nk\u00e1ch <strong>V\u010dasn\u00e1 voln\u00e1 m\u00edsta<\/strong> m\u00edt charakter <strong>Pouze pro informa\u010dn\u00ed \u00fa\u010dely.<\/strong>Na\u0161\u00edm c\u00edlem je prezentovat obsah, anal\u00fdzy a doporu\u010den\u00ed pro aplikace, slu\u017eby a n\u00e1stroje, kter\u00e9 mohou u\u017eivatel\u016fm pomoci p\u0159i hled\u00e1n\u00ed p\u0159\u00edle\u017eitost\u00ed, produktivity a digit\u00e1ln\u00edch \u0159e\u0161en\u00ed.<\/p>\n\n\n\n<h3 class=\"wp-block-heading\">Nenab\u00edz\u00edme \u017e\u00e1dn\u00e9 z\u00e1ruky.<\/h3>\n\n\n\n<p>THE <strong>V\u010dasn\u00e1 voln\u00e1 m\u00edsta<\/strong> <strong>nezaru\u010duje<\/strong> V\u00fdsledky, finan\u010dn\u00ed zisky, zam\u011bstn\u00e1n\u00ed, p\u0159\u00edjem nebo jak\u00fdkoli konkr\u00e9tn\u00ed typ prosp\u011bchu z pou\u017e\u00edv\u00e1n\u00ed informac\u00ed, aplikac\u00ed nebo slu\u017eeb uveden\u00fdch na webov\u00fdch str\u00e1nk\u00e1ch. V\u00fdsledky se mohou li\u0161it v z\u00e1vislosti na individu\u00e1ln\u00edch, region\u00e1ln\u00edch a okolnostn\u00edch faktorech.<\/p>\n\n\n\n<h3 class=\"wp-block-heading\">Aplikace a slu\u017eby t\u0159et\u00edch stran<\/h3>\n\n\n\n<p>Str\u00e1nky mohou obsahovat odkazy, doporu\u010den\u00ed nebo zm\u00ednky o <strong>aplikace, platformy a slu\u017eby t\u0159et\u00edch stran<\/strong>Nem\u00e1me \u017e\u00e1dnou kontrolu nad provozem, z\u00e1sadami, cenami, dostupnost\u00ed ani zabezpe\u010den\u00edm t\u011bchto slu\u017eeb. Jak\u00e1koli interakce, registrace nebo pou\u017e\u00edv\u00e1n\u00ed je na va\u0161e vlastn\u00ed riziko. <strong>v\u00fdhradn\u00ed odpov\u011bdnost u\u017eivatele<\/strong>.<\/p>\n\n\n\n<p>V\u017edy doporu\u010dujeme, aby u\u017eivatel:<\/p>\n\n\n\n<ul class=\"wp-block-list\">\n<li>P\u0159e\u010dt\u011bte si podm\u00ednky pou\u017eit\u00ed a z\u00e1sady ochrany osobn\u00edch \u00fadaj\u016f aplikac\u00ed;<\/li>\n\n\n\n<li>Prohl\u00e9dn\u011bte si recenze v ofici\u00e1ln\u00edch obchodech s aplikacemi (Google Play, App Store);<\/li>\n\n\n\n<li>P\u0159ed pou\u017eit\u00edm slu\u017eby si ji prov\u011b\u0159te, zda spl\u0148uje va\u0161e pot\u0159eby.<\/li>\n<\/ul>\n\n\n\n<h3 class=\"wp-block-heading\">Z\u0159eknut\u00ed se pr\u00e1vn\u00ed a profesn\u00ed odpov\u011bdnosti<\/h3>\n\n\n\n<p>Obsah publikovan\u00fd na <strong>V\u010dasn\u00e1 voln\u00e1 m\u00edsta<\/strong> <strong>Toto nenahrazuje odborn\u00e9 poradenstv\u00ed.<\/strong>A\u0165 u\u017e se jedn\u00e1 o pr\u00e1vn\u00ed, finan\u010dn\u00ed, \u00fa\u010detn\u00ed, pracovn\u00ed nebo technick\u00e9 z\u00e1le\u017eitosti, pro d\u016fle\u017eit\u00e1 rozhodnut\u00ed v\u017edy vyhledejte kvalifikovan\u00e9ho odborn\u00edka.<\/p>\n\n\n\n<h3 class=\"wp-block-heading\">Reklama a monetizace<\/h3>\n\n\n\n<p>Webov\u00e1 str\u00e1nka <strong>V\u010dasn\u00e1 voln\u00e1 m\u00edsta<\/strong> Lze jej zpen\u011b\u017eit prost\u0159ednictv\u00edm:<\/p>\n\n\n\n<ul class=\"wp-block-list\">\n<li>Reklamy (nap\u0159\u00edklad Google AdSense);<\/li>\n\n\n\n<li>Sponzorovan\u00e9 odkazy;<\/li>\n\n\n\n<li>Partnerstv\u00ed nebo affiliate programy.<\/li>\n<\/ul>\n\n\n\n<p>To znamen\u00e1, \u017ee m\u016f\u017eeme dost\u00e1vat provize, kdy\u017e u\u017eivatel klikne na reklamy nebo pou\u017eije ur\u010dit\u00e9 odkazy. <strong>bez dal\u0161\u00edch n\u00e1klad\u016f pro u\u017eivatele.<\/strong>Tato partnerstv\u00ed neovliv\u0148uj\u00ed n\u00e1\u0161 z\u00e1m\u011br nab\u00edzet jasn\u00fd a relevantn\u00ed obsah.<\/p>\n\n\n\n<h3 class=\"wp-block-heading\">Aktualizace informac\u00ed<\/h3>\n\n\n\n<p>Informace na webov\u00fdch str\u00e1nk\u00e1ch mohou b\u00fdt <strong>kdykoli zm\u011bn\u011bno, aktualizov\u00e1no nebo odstran\u011bno<\/strong>, bez p\u0159edchoz\u00edho upozorn\u011bn\u00ed. Nezaru\u010dujeme, \u017ee ve\u0161ker\u00fd obsah je v\u017edy zcela aktu\u00e1ln\u00ed, proto\u017ee aplikace a slu\u017eby mohou \u010dasto m\u011bnit sv\u00e1 pravidla.<\/p>\n\n\n\n<h3 class=\"wp-block-heading\">Omezen\u00ed odpov\u011bdnosti<\/h3>\n\n\n\n<p>THE <strong>V\u010dasn\u00e1 voln\u00e1 m\u00edsta<\/strong> nenese odpov\u011bdnost za:<\/p>\n\n\n\n<ul class=\"wp-block-list\">\n<li>Finan\u010dn\u00ed ztr\u00e1ty;<\/li>\n\n\n\n<li>Technick\u00e9 probl\u00e9my;<\/li>\n\n\n\n<li>Selh\u00e1n\u00ed aplikac\u00ed t\u0159et\u00edch stran;<\/li>\n\n\n\n<li>P\u0159\u00edm\u00e9 nebo nep\u0159\u00edm\u00e9 \u0161kody vznikl\u00e9 v d\u016fsledku pou\u017eit\u00ed informac\u00ed z webov\u00fdch str\u00e1nek.<\/li>\n<\/ul>\n\n\n\n<p>Pou\u017e\u00edv\u00e1n\u00ed str\u00e1nek znamen\u00e1 <strong>Pln\u00fd souhlas s t\u00edmto prohl\u00e1\u0161en\u00edm o vylou\u010den\u00ed odpov\u011bdnosti<\/strong>.<\/p>\n\n\n\n<h3 class=\"wp-block-heading\">Kontakt<\/h3>\n\n\n\n<p>Pokud m\u00e1te jak\u00e9koli dotazy, n\u00e1vrhy nebo byste cht\u011bli nahl\u00e1sit jak\u00fdkoli obsah, kontaktujte n\u00e1s pros\u00edm prost\u0159ednictv\u00edm kontaktn\u00ed str\u00e1nky webov\u00fdch str\u00e1nek.<\/p>","protected":false},"excerpt":{"rendered":"<p>As informa\u00e7\u00f5es disponibilizadas no site Pontual Vagas t\u00eam car\u00e1ter exclusivamente informativo. Nosso objetivo \u00e9 apresentar conte\u00fados, an\u00e1lises e indica\u00e7\u00f5es de aplicativos, servi\u00e7os e ferramentas que possam auxiliar usu\u00e1rios na busca por oportunidades, produtividade e solu\u00e7\u00f5es digitais. N\u00e3o oferecemos garantias O Pontual Vagas n\u00e3o garante resultados, ganhos financeiros, contrata\u00e7\u00f5es, rendimentos ou qualquer tipo de benef\u00edcio espec\u00edfico [&hellip;]<\/p>","protected":false},"author":1,"featured_media":0,"parent":0,"menu_order":0,"comment_status":"closed","ping_status":"closed","template":"","meta":{"footnotes":""},"class_list":["post-118","page","type-page","status-publish"],"_links":{"self":[{"href":"https:\/\/pontualvagas.com.br\/cs\/wp-json\/wp\/v2\/pages\/118","targetHints":{"allow":["GET"]}}],"collection":[{"href":"https:\/\/pontualvagas.com.br\/cs\/wp-json\/wp\/v2\/pages"}],"about":[{"href":"https:\/\/pontualvagas.com.br\/cs\/wp-json\/wp\/v2\/types\/page"}],"author":[{"embeddable":true,"href":"https:\/\/pontualvagas.com.br\/cs\/wp-json\/wp\/v2\/users\/1"}],"replies":[{"embeddable":true,"href":"https:\/\/pontualvagas.com.br\/cs\/wp-json\/wp\/v2\/comments?post=118"}],"version-history":[{"count":1,"href":"https:\/\/pontualvagas.com.br\/cs\/wp-json\/wp\/v2\/pages\/118\/revisions"}],"predecessor-version":[{"id":119,"href":"https:\/\/pontualvagas.com.br\/cs\/wp-json\/wp\/v2\/pages\/118\/revisions\/119"}],"wp:attachment":[{"href":"https:\/\/pontualvagas.com.br\/cs\/wp-json\/wp\/v2\/media?parent=118"}],"curies":[{"name":"wp","href":"https:\/\/api.w.org\/{rel}","templated":true}]}}