{"id":118,"date":"2026-01-18T08:31:06","date_gmt":"2026-01-18T08:31:06","guid":{"rendered":"https:\/\/pontualvagas.com.br\/?page_id=118"},"modified":"2026-01-18T08:31:07","modified_gmt":"2026-01-18T08:31:07","slug":"%e0%a6%a6%e0%a6%be%e0%a6%ac%e0%a6%bf%e0%a6%a4%e0%a7%8d%e0%a6%af%e0%a6%be%e0%a6%97","status":"publish","type":"page","link":"https:\/\/pontualvagas.com.br\/bn\/%e0%a6%a6%e0%a6%be%e0%a6%ac%e0%a6%bf%e0%a6%a4%e0%a7%8d%e0%a6%af%e0%a6%be%e0%a6%97\/","title":{"rendered":"\u09a6\u09be\u09ac\u09bf\u09a4\u09cd\u09af\u09be\u0997"},"content":{"rendered":"<p>\u0993\u09af\u09bc\u09c7\u09ac\u09b8\u09be\u0987\u099f\u09c7 \u0989\u09aa\u09b2\u09ac\u09cd\u09a7 \u09a4\u09a5\u09cd\u09af <strong>\u09b8\u09ae\u09af\u09bc\u09a8\u09bf\u09b7\u09cd\u09a0 \u09b6\u09c2\u09a8\u09cd\u09af\u09aa\u09a6<\/strong> \u099a\u09b0\u09bf\u09a4\u09cd\u09b0\u09ac\u09be\u09a8 \u09b9\u0993\u09df\u09be <strong>\u09b6\u09c1\u09a7\u09c1\u09ae\u09be\u09a4\u09cd\u09b0 \u09a4\u09a5\u09cd\u09af\u0997\u09a4 \u0989\u09a6\u09cd\u09a6\u09c7\u09b6\u09cd\u09af\u09c7\u0964<\/strong>\u0986\u09ae\u09be\u09a6\u09c7\u09b0 \u09b2\u0995\u09cd\u09b7\u09cd\u09af \u09b9\u09b2 \u0985\u09cd\u09af\u09be\u09aa\u09cd\u09b2\u09bf\u0995\u09c7\u09b6\u09a8, \u09aa\u09b0\u09bf\u09b7\u09c7\u09ac\u09be \u098f\u09ac\u0982 \u09b8\u09b0\u099e\u09cd\u099c\u09be\u09ae\u0997\u09c1\u09b2\u09bf\u09b0 \u099c\u09a8\u09cd\u09af \u09ac\u09bf\u09b7\u09af\u09bc\u09ac\u09b8\u09cd\u09a4\u09c1, \u09ac\u09bf\u09b6\u09cd\u09b2\u09c7\u09b7\u09a3 \u098f\u09ac\u0982 \u09b8\u09c1\u09aa\u09be\u09b0\u09bf\u09b6 \u0989\u09aa\u09b8\u09cd\u09a5\u09be\u09aa\u09a8 \u0995\u09b0\u09be \u09af\u09be \u09ac\u09cd\u09af\u09ac\u09b9\u09be\u09b0\u0995\u09be\u09b0\u09c0\u09a6\u09c7\u09b0 \u09b8\u09c1\u09af\u09cb\u0997, \u0989\u09ce\u09aa\u09be\u09a6\u09a8\u09b6\u09c0\u09b2\u09a4\u09be \u098f\u09ac\u0982 \u09a1\u09bf\u099c\u09bf\u099f\u09be\u09b2 \u09b8\u09ae\u09be\u09a7\u09be\u09a8 \u0985\u09a8\u09c1\u09b8\u09a8\u09cd\u09a7\u09be\u09a8\u09c7 \u09b8\u09b9\u09be\u09af\u09bc\u09a4\u09be \u0995\u09b0\u09a4\u09c7 \u09aa\u09be\u09b0\u09c7\u0964<\/p>\n\n\n\n<h3 class=\"wp-block-heading\">\u0986\u09ae\u09b0\u09be \u0995\u09cb\u09a8\u0993 \u0997\u09cd\u09af\u09be\u09b0\u09be\u09a8\u09cd\u099f\u09bf \u09a6\u09bf\u099a\u09cd\u099b\u09bf \u09a8\u09be\u0964<\/h3>\n\n\n\n<p>\u09a6\u09cd\u09af <strong>\u09b8\u09ae\u09af\u09bc\u09a8\u09bf\u09b7\u09cd\u09a0 \u09b6\u09c2\u09a8\u09cd\u09af\u09aa\u09a6<\/strong> <strong>\u0997\u09cd\u09af\u09be\u09b0\u09be\u09a8\u09cd\u099f\u09bf \u09a6\u09c7\u09af\u09bc \u09a8\u09be<\/strong> \u0993\u09af\u09bc\u09c7\u09ac\u09b8\u09be\u0987\u099f\u09c7 \u0989\u09b2\u09cd\u09b2\u09bf\u0996\u09bf\u09a4 \u09a4\u09a5\u09cd\u09af, \u0985\u09cd\u09af\u09be\u09aa\u09cd\u09b2\u09bf\u0995\u09c7\u09b6\u09a8, \u09ac\u09be \u09aa\u09b0\u09bf\u09b7\u09c7\u09ac\u09be \u09ac\u09cd\u09af\u09ac\u09b9\u09be\u09b0\u09c7\u09b0 \u09ab\u09b2\u09be\u09ab\u09b2, \u0986\u09b0\u09cd\u09a5\u09bf\u0995 \u09b2\u09be\u09ad, \u09a8\u09bf\u09af\u09bc\u09cb\u0997, \u0986\u09af\u09bc, \u0985\u09a5\u09ac\u09be \u09af\u09c7\u0995\u09cb\u09a8\u09cb \u09a8\u09bf\u09b0\u09cd\u09a6\u09bf\u09b7\u09cd\u099f \u09a7\u09b0\u09a3\u09c7\u09b0 \u09b8\u09c1\u09ac\u09bf\u09a7\u09be\u0964 \u09ab\u09b2\u09be\u09ab\u09b2 \u09ac\u09cd\u09af\u0995\u09cd\u09a4\u09bf, \u0986\u099e\u09cd\u099a\u09b2\u09bf\u0995 \u098f\u09ac\u0982 \u09aa\u09b0\u09bf\u09b8\u09cd\u09a5\u09bf\u09a4\u09bf\u0997\u09a4 \u0995\u09be\u09b0\u09a3\u09c7\u09b0 \u0989\u09aa\u09b0 \u09a8\u09bf\u09b0\u09cd\u09ad\u09b0 \u0995\u09b0\u09c7 \u09aa\u09b0\u09bf\u09ac\u09b0\u09cd\u09a4\u09bf\u09a4 \u09b9\u09a4\u09c7 \u09aa\u09be\u09b0\u09c7\u0964<\/p>\n\n\n\n<h3 class=\"wp-block-heading\">\u09a4\u09c3\u09a4\u09c0\u09af\u09bc \u09aa\u0995\u09cd\u09b7\u09c7\u09b0 \u0985\u09cd\u09af\u09be\u09aa\u09cd\u09b2\u09bf\u0995\u09c7\u09b6\u09a8 \u098f\u09ac\u0982 \u09aa\u09b0\u09bf\u09b7\u09c7\u09ac\u09be<\/h3>\n\n\n\n<p>\u09b8\u09be\u0987\u099f\u099f\u09bf\u09a4\u09c7 \u09b2\u09bf\u0999\u09cd\u0995, \u09b8\u09c1\u09aa\u09be\u09b0\u09bf\u09b6, \u0985\u09a5\u09ac\u09be \u0989\u09b2\u09cd\u09b2\u09c7\u0996 \u09a5\u09be\u0995\u09a4\u09c7 \u09aa\u09be\u09b0\u09c7 <strong>\u09a4\u09c3\u09a4\u09c0\u09af\u09bc \u09aa\u0995\u09cd\u09b7\u09c7\u09b0 \u0985\u09cd\u09af\u09be\u09aa\u09cd\u09b2\u09bf\u0995\u09c7\u09b6\u09a8, \u09aa\u09cd\u09b2\u09cd\u09af\u09be\u099f\u09ab\u09b0\u09cd\u09ae \u098f\u09ac\u0982 \u09aa\u09b0\u09bf\u09b7\u09c7\u09ac\u09be<\/strong>\u098f\u0987 \u09aa\u09b0\u09bf\u09b7\u09c7\u09ac\u09be\u0997\u09c1\u09b2\u09bf\u09b0 \u09aa\u09b0\u09bf\u099a\u09be\u09b2\u09a8\u09be, \u09a8\u09c0\u09a4\u09bf, \u09ae\u09c2\u09b2\u09cd\u09af, \u09aa\u09cd\u09b0\u09be\u09aa\u09cd\u09af\u09a4\u09be \u09ac\u09be \u09b8\u09c1\u09b0\u0995\u09cd\u09b7\u09be\u09b0 \u0989\u09aa\u09b0 \u0986\u09ae\u09be\u09a6\u09c7\u09b0 \u0995\u09cb\u09a8\u0993 \u09a8\u09bf\u09af\u09bc\u09a8\u09cd\u09a4\u09cd\u09b0\u09a3 \u09a8\u09c7\u0987\u0964 \u09af\u09c7\u0995\u09cb\u09a8\u09cb \u09ae\u09bf\u09a5\u09b8\u09cd\u0995\u09cd\u09b0\u09bf\u09af\u09bc\u09be, \u09a8\u09bf\u09ac\u09a8\u09cd\u09a7\u09a8, \u09ac\u09be \u09ac\u09cd\u09af\u09ac\u09b9\u09be\u09b0 \u0986\u09aa\u09a8\u09be\u09b0 \u09a8\u09bf\u099c\u09c7\u09b0 \u099d\u09c1\u0981\u0995\u09bf\u09a4\u09c7\u0964 <strong>\u09ac\u09cd\u09af\u09ac\u09b9\u09be\u09b0\u0995\u09be\u09b0\u09c0\u09b0 \u098f\u0995\u09ae\u09be\u09a4\u09cd\u09b0 \u09a6\u09be\u09df\u09bf\u09a4\u09cd\u09ac<\/strong>.<\/p>\n\n\n\n<p>\u0986\u09ae\u09b0\u09be \u09b8\u09b0\u09cd\u09ac\u09a6\u09be \u09ac\u09cd\u09af\u09ac\u09b9\u09be\u09b0\u0995\u09be\u09b0\u09c0\u0995\u09c7 \u09b8\u09c1\u09aa\u09be\u09b0\u09bf\u09b6 \u0995\u09b0\u09bf \u09af\u09c7:<\/p>\n\n\n\n<ul class=\"wp-block-list\">\n<li>\u0985\u09cd\u09af\u09be\u09aa\u0997\u09c1\u09b2\u09bf\u09b0 \u09ac\u09cd\u09af\u09ac\u09b9\u09be\u09b0\u09c7\u09b0 \u09b6\u09b0\u09cd\u09a4\u09be\u09ac\u09b2\u09c0 \u098f\u09ac\u0982 \u0997\u09cb\u09aa\u09a8\u09c0\u09af\u09bc\u09a4\u09be \u09a8\u09c0\u09a4\u09bf\u0997\u09c1\u09b2\u09bf \u09aa\u09a1\u09bc\u09c1\u09a8;<\/li>\n\n\n\n<li>\u0985\u09ab\u09bf\u09b8\u09bf\u09af\u09bc\u09be\u09b2 \u0985\u09cd\u09af\u09be\u09aa \u09b8\u09cd\u099f\u09cb\u09b0\u0997\u09c1\u09b2\u09bf\u09a4\u09c7 (\u0997\u09c1\u0997\u09b2 \u09aa\u09cd\u09b2\u09c7, \u0985\u09cd\u09af\u09be\u09aa \u09b8\u09cd\u099f\u09cb\u09b0) \u09aa\u09b0\u09cd\u09af\u09be\u09b2\u09cb\u099a\u09a8\u09be\u0997\u09c1\u09b2\u09bf \u09aa\u09b0\u09c0\u0995\u09cd\u09b7\u09be \u0995\u09b0\u09c1\u09a8;<\/li>\n\n\n\n<li>\u09aa\u09b0\u09bf\u09b7\u09c7\u09ac\u09be\u099f\u09bf \u09ac\u09cd\u09af\u09ac\u09b9\u09be\u09b0\u09c7\u09b0 \u0986\u0997\u09c7 \u0986\u09aa\u09a8\u09be\u09b0 \u099a\u09be\u09b9\u09bf\u09a6\u09be \u09aa\u09c2\u09b0\u09a3 \u0995\u09b0\u09c7 \u0995\u09bf\u09a8\u09be \u09a4\u09be \u09ac\u09bf\u09b6\u09cd\u09b2\u09c7\u09b7\u09a3 \u0995\u09b0\u09c1\u09a8\u0964<\/li>\n<\/ul>\n\n\n\n<h3 class=\"wp-block-heading\">\u0986\u0987\u09a8\u09bf \u098f\u09ac\u0982 \u09aa\u09c7\u09b6\u09be\u09a6\u09be\u09b0 \u09a6\u09be\u09af\u09bc\u09ac\u09a6\u09cd\u09a7\u09a4\u09be\u09b0 \u09a6\u09be\u09ac\u09bf\u09a4\u09cd\u09af\u09be\u0997<\/h3>\n\n\n\n<p>\u09aa\u09cd\u09b0\u0995\u09be\u09b6\u09bf\u09a4 \u09ac\u09bf\u09b7\u09af\u09bc\u09ac\u09b8\u09cd\u09a4\u09c1 <strong>\u09b8\u09ae\u09af\u09bc\u09a8\u09bf\u09b7\u09cd\u09a0 \u09b6\u09c2\u09a8\u09cd\u09af\u09aa\u09a6<\/strong> <strong>\u098f\u099f\u09bf \u09aa\u09c7\u09b6\u09be\u09a6\u09be\u09b0 \u09aa\u09b0\u09be\u09ae\u09b0\u09cd\u09b6\u09c7\u09b0 \u09ac\u09bf\u0995\u09b2\u09cd\u09aa \u09a8\u09af\u09bc\u0964<\/strong>\u0986\u0987\u09a8\u09bf, \u0986\u09b0\u09cd\u09a5\u09bf\u0995, \u09b9\u09bf\u09b8\u09be\u09ac\u09b0\u0995\u09cd\u09b7\u09a3, \u09b6\u09cd\u09b0\u09ae, \u0985\u09a5\u09ac\u09be \u09aa\u09cd\u09b0\u09af\u09c1\u0995\u09cd\u09a4\u09bf\u0997\u09a4 \u09ac\u09bf\u09b7\u09af\u09bc \u09af\u09be\u0987 \u09b9\u09cb\u0995 \u09a8\u09be \u0995\u09c7\u09a8, \u0997\u09c1\u09b0\u09c1\u09a4\u09cd\u09ac\u09aa\u09c2\u09b0\u09cd\u09a3 \u09b8\u09bf\u09a6\u09cd\u09a7\u09be\u09a8\u09cd\u09a4\u09c7\u09b0 \u099c\u09a8\u09cd\u09af \u09b8\u09b0\u09cd\u09ac\u09a6\u09be \u098f\u0995\u099c\u09a8 \u09af\u09cb\u0997\u09cd\u09af\u09a4\u09be\u09b8\u09ae\u09cd\u09aa\u09a8\u09cd\u09a8 \u09aa\u09c7\u09b6\u09be\u09a6\u09be\u09b0\u09c7\u09b0 \u09b8\u09a8\u09cd\u09a7\u09be\u09a8 \u0995\u09b0\u09c1\u09a8\u0964<\/p>\n\n\n\n<h3 class=\"wp-block-heading\">\u09ac\u09bf\u099c\u09cd\u099e\u09be\u09aa\u09a8 \u098f\u09ac\u0982 \u09a8\u0997\u09a6\u09c0\u0995\u09b0\u09a3<\/h3>\n\n\n\n<p>\u0993\u09af\u09bc\u09c7\u09ac\u09b8\u09be\u0987\u099f\u099f\u09bf <strong>\u09b8\u09ae\u09af\u09bc\u09a8\u09bf\u09b7\u09cd\u09a0 \u09b6\u09c2\u09a8\u09cd\u09af\u09aa\u09a6<\/strong> \u098f\u099f\u09bf\u09b0 \u09ae\u09be\u09a7\u09cd\u09af\u09ae\u09c7 \u09a8\u0997\u09a6\u09c0\u0995\u09b0\u09a3 \u0995\u09b0\u09be \u09af\u09c7\u09a4\u09c7 \u09aa\u09be\u09b0\u09c7:<\/p>\n\n\n\n<ul class=\"wp-block-list\">\n<li>\u09ac\u09bf\u099c\u09cd\u099e\u09be\u09aa\u09a8 (\u09af\u09c7\u09ae\u09a8 \u0997\u09c1\u0997\u09b2 \u0985\u09cd\u09af\u09be\u09a1\u09b8\u09c7\u09a8\u09cd\u09b8);<\/li>\n\n\n\n<li>\u09b8\u09cd\u09aa\u09a8\u09cd\u09b8\u09b0 \u0995\u09b0\u09be \u09b2\u09bf\u0999\u09cd\u0995;<\/li>\n\n\n\n<li>\u0985\u0982\u09b6\u09c0\u09a6\u09be\u09b0\u09bf\u09a4\u09cd\u09ac \u09ac\u09be \u0985\u09a7\u09bf\u09ad\u09c1\u0995\u09cd\u09a4 \u09aa\u09cd\u09b0\u09cb\u0997\u09cd\u09b0\u09be\u09ae\u0964<\/li>\n<\/ul>\n\n\n\n<p>\u098f\u09b0 \u0985\u09b0\u09cd\u09a5 \u09b9\u09b2, \u09af\u0996\u09a8 \u0995\u09cb\u09a8\u0993 \u09ac\u09cd\u09af\u09ac\u09b9\u09be\u09b0\u0995\u09be\u09b0\u09c0 \u09ac\u09bf\u099c\u09cd\u099e\u09be\u09aa\u09a8\u09c7 \u0995\u09cd\u09b2\u09bf\u0995 \u0995\u09b0\u09c7\u09a8 \u09ac\u09be \u09a8\u09bf\u09b0\u09cd\u09a6\u09bf\u09b7\u09cd\u099f \u09b2\u09bf\u0999\u09cd\u0995 \u09ac\u09cd\u09af\u09ac\u09b9\u09be\u09b0 \u0995\u09b0\u09c7\u09a8 \u09a4\u0996\u09a8 \u0986\u09ae\u09b0\u09be \u0995\u09ae\u09bf\u09b6\u09a8 \u09aa\u09c7\u09a4\u09c7 \u09aa\u09be\u09b0\u09bf\u0964 <strong>\u09ac\u09cd\u09af\u09ac\u09b9\u09be\u09b0\u0995\u09be\u09b0\u09c0\u09b0 \u0995\u09cb\u09a8\u0993 \u0985\u09a4\u09bf\u09b0\u09bf\u0995\u09cd\u09a4 \u0996\u09b0\u099a \u099b\u09be\u09a1\u09bc\u09be\u0987\u0964<\/strong>\u098f\u0987 \u0985\u0982\u09b6\u09c0\u09a6\u09be\u09b0\u09bf\u09a4\u09cd\u09ac\u0997\u09c1\u09b2\u09bf \u09b8\u09cd\u09aa\u09b7\u09cd\u099f \u098f\u09ac\u0982 \u09aa\u09cd\u09b0\u09be\u09b8\u0999\u09cd\u0997\u09bf\u0995 \u09ac\u09bf\u09b7\u09af\u09bc\u09ac\u09b8\u09cd\u09a4\u09c1 \u09aa\u09cd\u09b0\u09a6\u09be\u09a8\u09c7\u09b0 \u0986\u09ae\u09be\u09a6\u09c7\u09b0 \u0989\u09a6\u09cd\u09a6\u09c7\u09b6\u09cd\u09af\u0995\u09c7 \u09aa\u09cd\u09b0\u09ad\u09be\u09ac\u09bf\u09a4 \u0995\u09b0\u09c7 \u09a8\u09be\u0964<\/p>\n\n\n\n<h3 class=\"wp-block-heading\">\u09a4\u09a5\u09cd\u09af \u0986\u09aa\u09a1\u09c7\u099f<\/h3>\n\n\n\n<p>\u0993\u09af\u09bc\u09c7\u09ac\u09b8\u09be\u0987\u099f\u09c7\u09b0 \u09a4\u09a5\u09cd\u09af \u09b9\u09a4\u09c7 \u09aa\u09be\u09b0\u09c7 <strong>\u09af\u09c7\u0995\u09cb\u09a8\u09cb \u09b8\u09ae\u09af\u09bc \u09aa\u09b0\u09bf\u09ac\u09b0\u09cd\u09a4\u09bf\u09a4, \u0986\u09aa\u09a1\u09c7\u099f \u09ac\u09be \u09b8\u09b0\u09be\u09a8\u09cb \u09b9\u09af\u09bc\u09c7\u099b\u09c7<\/strong>, \u09aa\u09c2\u09b0\u09cd\u09ac \u09a8\u09cb\u099f\u09bf\u09b6 \u099b\u09be\u09a1\u09bc\u09be\u0987\u0964 \u0986\u09ae\u09b0\u09be \u0997\u09cd\u09af\u09be\u09b0\u09be\u09a8\u09cd\u099f\u09bf \u09a6\u09bf\u099a\u09cd\u099b\u09bf \u09a8\u09be \u09af\u09c7 \u09b8\u09ae\u09b8\u09cd\u09a4 \u0995\u09a8\u09cd\u099f\u09c7\u09a8\u09cd\u099f \u09b8\u09b0\u09cd\u09ac\u09a6\u09be \u09b8\u09ae\u09cd\u09aa\u09c2\u09b0\u09cd\u09a3\u09b0\u09c2\u09aa\u09c7 \u0986\u09aa-\u099f\u09c1-\u09a1\u09c7\u099f \u09a5\u09be\u0995\u09ac\u09c7, \u0995\u09be\u09b0\u09a3 \u0985\u09cd\u09af\u09be\u09aa \u098f\u09ac\u0982 \u09aa\u09b0\u09bf\u09b7\u09c7\u09ac\u09be\u0997\u09c1\u09b2\u09bf \u0998\u09a8 \u0998\u09a8 \u09a4\u09be\u09a6\u09c7\u09b0 \u09a8\u09bf\u09af\u09bc\u09ae \u09aa\u09b0\u09bf\u09ac\u09b0\u09cd\u09a4\u09a8 \u0995\u09b0\u09a4\u09c7 \u09aa\u09be\u09b0\u09c7\u0964<\/p>\n\n\n\n<h3 class=\"wp-block-heading\">\u09a6\u09be\u09af\u09bc\u09ac\u09a6\u09cd\u09a7\u09a4\u09be\u09b0 \u09b8\u09c0\u09ae\u09be\u09ac\u09a6\u09cd\u09a7\u09a4\u09be<\/h3>\n\n\n\n<p>\u09a6\u09cd\u09af <strong>\u09b8\u09ae\u09af\u09bc\u09a8\u09bf\u09b7\u09cd\u09a0 \u09b6\u09c2\u09a8\u09cd\u09af\u09aa\u09a6<\/strong> \u098f\u09b0 \u099c\u09a8\u09cd\u09af \u09a6\u09be\u09af\u09bc\u09c0 \u09a8\u09af\u09bc:<\/p>\n\n\n\n<ul class=\"wp-block-list\">\n<li>\u0986\u09b0\u09cd\u09a5\u09bf\u0995 \u0995\u09cd\u09b7\u09a4\u09bf;<\/li>\n\n\n\n<li>\u09aa\u09cd\u09b0\u09af\u09c1\u0995\u09cd\u09a4\u09bf\u0997\u09a4 \u09b8\u09ae\u09b8\u09cd\u09af\u09be;<\/li>\n\n\n\n<li>\u09a4\u09c3\u09a4\u09c0\u09af\u09bc \u09aa\u0995\u09cd\u09b7\u09c7\u09b0 \u0986\u09ac\u09c7\u09a6\u09a8 \u09ac\u09cd\u09af\u09b0\u09cd\u09a5\u09a4\u09be;<\/li>\n\n\n\n<li>\u0993\u09af\u09bc\u09c7\u09ac\u09b8\u09be\u0987\u099f \u09a5\u09c7\u0995\u09c7 \u09a4\u09a5\u09cd\u09af \u09ac\u09cd\u09af\u09ac\u09b9\u09be\u09b0\u09c7\u09b0 \u09ab\u09b2\u09c7 \u09aa\u09cd\u09b0\u09a4\u09cd\u09af\u0995\u09cd\u09b7 \u09ac\u09be \u09aa\u09b0\u09cb\u0995\u09cd\u09b7 \u0995\u09cd\u09b7\u09a4\u09bf\u0964<\/li>\n<\/ul>\n\n\n\n<p>\u09b8\u09be\u0987\u099f\u09c7\u09b0 \u09ac\u09cd\u09af\u09ac\u09b9\u09be\u09b0 \u09ac\u09cb\u099d\u09be\u09af\u09bc <strong>\u098f\u0987 \u09a6\u09be\u09ac\u09bf\u09a4\u09cd\u09af\u09be\u0997\u09c7\u09b0 \u09aa\u09c2\u09b0\u09cd\u09a3 \u0997\u09cd\u09b0\u09b9\u09a3\u09af\u09cb\u0997\u09cd\u09af\u09a4\u09be<\/strong>.<\/p>\n\n\n\n<h3 class=\"wp-block-heading\">\u09af\u09cb\u0997\u09be\u09af\u09cb\u0997<\/h3>\n\n\n\n<p>\u0986\u09aa\u09a8\u09be\u09b0 \u09af\u09a6\u09bf \u0995\u09cb\u09a8 \u09aa\u09cd\u09b0\u09b6\u09cd\u09a8, \u09aa\u09b0\u09be\u09ae\u09b0\u09cd\u09b6 \u09a5\u09be\u0995\u09c7, \u0985\u09a5\u09ac\u09be \u0995\u09cb\u09a8 \u09ac\u09bf\u09b7\u09af\u09bc\u09ac\u09b8\u09cd\u09a4\u09c1 \u09b0\u09bf\u09aa\u09cb\u09b0\u09cd\u099f \u0995\u09b0\u09a4\u09c7 \u099a\u09be\u09a8, \u09a4\u09be\u09b9\u09b2\u09c7 \u0993\u09af\u09bc\u09c7\u09ac\u09b8\u09be\u0987\u099f\u09c7\u09b0 \u09af\u09cb\u0997\u09be\u09af\u09cb\u0997 \u09aa\u09c3\u09b7\u09cd\u09a0\u09be\u09b0 \u09ae\u09be\u09a7\u09cd\u09af\u09ae\u09c7 \u0986\u09ae\u09be\u09a6\u09c7\u09b0 \u09b8\u09be\u09a5\u09c7 \u09af\u09cb\u0997\u09be\u09af\u09cb\u0997 \u0995\u09b0\u09c1\u09a8\u0964<\/p>","protected":false},"excerpt":{"rendered":"<p>As informa\u00e7\u00f5es disponibilizadas no site Pontual Vagas t\u00eam car\u00e1ter exclusivamente informativo. Nosso objetivo \u00e9 apresentar conte\u00fados, an\u00e1lises e indica\u00e7\u00f5es de aplicativos, servi\u00e7os e ferramentas que possam auxiliar usu\u00e1rios na busca por oportunidades, produtividade e solu\u00e7\u00f5es digitais. N\u00e3o oferecemos garantias O Pontual Vagas n\u00e3o garante resultados, ganhos financeiros, contrata\u00e7\u00f5es, rendimentos ou qualquer tipo de benef\u00edcio espec\u00edfico [&hellip;]<\/p>","protected":false},"author":1,"featured_media":0,"parent":0,"menu_order":0,"comment_status":"closed","ping_status":"closed","template":"","meta":{"footnotes":""},"class_list":["post-118","page","type-page","status-publish"],"_links":{"self":[{"href":"https:\/\/pontualvagas.com.br\/bn\/wp-json\/wp\/v2\/pages\/118","targetHints":{"allow":["GET"]}}],"collection":[{"href":"https:\/\/pontualvagas.com.br\/bn\/wp-json\/wp\/v2\/pages"}],"about":[{"href":"https:\/\/pontualvagas.com.br\/bn\/wp-json\/wp\/v2\/types\/page"}],"author":[{"embeddable":true,"href":"https:\/\/pontualvagas.com.br\/bn\/wp-json\/wp\/v2\/users\/1"}],"replies":[{"embeddable":true,"href":"https:\/\/pontualvagas.com.br\/bn\/wp-json\/wp\/v2\/comments?post=118"}],"version-history":[{"count":1,"href":"https:\/\/pontualvagas.com.br\/bn\/wp-json\/wp\/v2\/pages\/118\/revisions"}],"predecessor-version":[{"id":119,"href":"https:\/\/pontualvagas.com.br\/bn\/wp-json\/wp\/v2\/pages\/118\/revisions\/119"}],"wp:attachment":[{"href":"https:\/\/pontualvagas.com.br\/bn\/wp-json\/wp\/v2\/media?parent=118"}],"curies":[{"name":"wp","href":"https:\/\/api.w.org\/{rel}","templated":true}]}}